{"id":584,"date":"2023-04-27T19:50:04","date_gmt":"2023-04-27T19:50:04","guid":{"rendered":"https:\/\/firma.demositen.online\/?page_id=584"},"modified":"2023-05-21T20:22:20","modified_gmt":"2023-05-21T20:22:20","slug":"kuru-buz-co2-ve-soda-ile-temizlik","status":"publish","type":"page","link":"https:\/\/kryoturk.com\/?page_id=584","title":{"rendered":"Kuru Buz , Co2 ve Soda ile Temizlik"},"content":{"rendered":"\t\t<div data-elementor-type=\"wp-page\" data-elementor-id=\"584\" class=\"elementor elementor-584\">\n\t\t\t\t\t\t\t\t\t<section class=\"elementor-section elementor-top-section elementor-element elementor-element-0e5bcd1 elementor-section-full_width elementor-section-stretched elementor-section-height-default elementor-section-height-default\" data-id=\"0e5bcd1\" data-element_type=\"section\" data-settings=\"{&quot;stretch_section&quot;:&quot;section-stretched&quot;}\">\n\t\t\t\t\t\t<div class=\"elementor-container elementor-column-gap-no\">\n\t\t\t\t\t<div class=\"elementor-column elementor-col-100 elementor-top-column elementor-element elementor-element-09cc5cb\" data-id=\"09cc5cb\" data-element_type=\"column\" data-settings=\"{&quot;background_background&quot;:&quot;classic&quot;}\">\n\t\t\t<div class=\"elementor-widget-wrap elementor-element-populated\">\n\t\t\t\t\t\t\t\t<div class=\"elementor-element elementor-element-1a579c3 elementor-widget elementor-widget-heading\" data-id=\"1a579c3\" data-element_type=\"widget\" data-widget_type=\"heading.default\">\n\t\t\t\t<div class=\"elementor-widget-container\">\n\t\t\t<style>\/*! elementor - v3.12.2 - 23-04-2023 *\/\n.elementor-heading-title{padding:0;margin:0;line-height:1}.elementor-widget-heading .elementor-heading-title[class*=elementor-size-]>a{color:inherit;font-size:inherit;line-height:inherit}.elementor-widget-heading .elementor-heading-title.elementor-size-small{font-size:15px}.elementor-widget-heading .elementor-heading-title.elementor-size-medium{font-size:19px}.elementor-widget-heading .elementor-heading-title.elementor-size-large{font-size:29px}.elementor-widget-heading .elementor-heading-title.elementor-size-xl{font-size:39px}.elementor-widget-heading .elementor-heading-title.elementor-size-xxl{font-size:59px}<\/style><h2 class=\"elementor-heading-title elementor-size-default\">KURU BUZ, CO2 VE SODA \u0130LE TEM\u0130ZL\u0130K<\/h2>\t\t<\/div>\n\t\t\t\t<\/div>\n\t\t\t\t\t<\/div>\n\t\t<\/div>\n\t\t\t\t\t\t\t<\/div>\n\t\t<\/section>\n\t\t\t\t<section class=\"elementor-section elementor-top-section elementor-element elementor-element-1704966 elementor-section-boxed elementor-section-height-default elementor-section-height-default\" data-id=\"1704966\" data-element_type=\"section\">\n\t\t\t\t\t\t<div class=\"elementor-container elementor-column-gap-default\">\n\t\t\t\t\t<div class=\"elementor-column elementor-col-66 elementor-top-column elementor-element elementor-element-ff57be1\" data-id=\"ff57be1\" data-element_type=\"column\">\n\t\t\t<div class=\"elementor-widget-wrap elementor-element-populated\">\n\t\t\t\t\t\t\t\t<div class=\"elementor-element elementor-element-b57fc7e elementor-widget elementor-widget-text-editor\" data-id=\"b57fc7e\" data-element_type=\"widget\" data-widget_type=\"text-editor.default\">\n\t\t\t\t<div class=\"elementor-widget-container\">\n\t\t\t<style>\/*! elementor - v3.12.2 - 23-04-2023 *\/\n.elementor-widget-text-editor.elementor-drop-cap-view-stacked .elementor-drop-cap{background-color:#69727d;color:#fff}.elementor-widget-text-editor.elementor-drop-cap-view-framed .elementor-drop-cap{color:#69727d;border:3px solid;background-color:transparent}.elementor-widget-text-editor:not(.elementor-drop-cap-view-default) .elementor-drop-cap{margin-top:8px}.elementor-widget-text-editor:not(.elementor-drop-cap-view-default) .elementor-drop-cap-letter{width:1em;height:1em}.elementor-widget-text-editor .elementor-drop-cap{float:left;text-align:center;line-height:1;font-size:50px}.elementor-widget-text-editor .elementor-drop-cap-letter{display:inline-block}<\/style>\t\t\t\t<div class=\"auto-format ui--animation\"><p>Kuruldu\u011fu ilk g\u00fcnden beri D\u00fcnya ve \u00fclkemizdeki kriyojenik teknoloji \u00fcr\u00fcnlerinde ya\u015fanan geli\u015fmeleri yak\u0131ndan takip eden firmam\u0131z, Kuru Buz imalat ve tedarik faaliyetleri yan\u0131na ek olarak Kuru Buz ile temizlik, Karbondioksit ile temizlik ve Soda ile temizlik konular\u0131n\u0131 da eklemi\u015ftir.<\/p><p>Firmam\u0131za ait olan temizlik makineleri ile uygulanan temizlik sistemi di\u011fer temizlik makinelerine g\u00f6re daha basit, y\u00fcksek kalite ve d\u00fc\u015f\u00fck maliyet ile \u00e7al\u0131\u015fmaktad\u0131r. Temizlik makinelerimiz son teknolojiye sahiptir. Temizlik i\u00e7in makinenin i\u015f yerindeki elektri\u011fe ve hava kompres\u00f6r\u00fcne ba\u011flanmas\u0131 gerekmektedir. Ba\u011flant\u0131lar yap\u0131ld\u0131ktan sonra makinenin a\u00e7\u0131l\u0131p, tabanca ile temizlenmek istenen y\u00fczeye at\u0131\u015f yap\u0131lmas\u0131 yeterli olacakt\u0131r.<\/p><\/div>\t\t\t\t\t\t<\/div>\n\t\t\t\t<\/div>\n\t\t\t\t\t<\/div>\n\t\t<\/div>\n\t\t\t\t<div class=\"elementor-column elementor-col-33 elementor-top-column elementor-element elementor-element-5d5eba0\" data-id=\"5d5eba0\" data-element_type=\"column\">\n\t\t\t<div class=\"elementor-widget-wrap elementor-element-populated\">\n\t\t\t\t\t\t\t\t<div class=\"elementor-element elementor-element-4a9e275 elementor-position-left elementor-view-default elementor-mobile-position-top elementor-vertical-align-top elementor-widget elementor-widget-icon-box\" data-id=\"4a9e275\" data-element_type=\"widget\" data-widget_type=\"icon-box.default\">\n\t\t\t\t<div class=\"elementor-widget-container\">\n\t\t\t<link rel=\"stylesheet\" href=\"https:\/\/kryoturk.com\/wp-content\/plugins\/elementor\/assets\/css\/widget-icon-box.min.css\">\t\t<div class=\"elementor-icon-box-wrapper\">\n\t\t\t\t\t\t<div class=\"elementor-icon-box-icon\">\n\t\t\t\t<span class=\"elementor-icon elementor-animation-\" >\n\t\t\t\t<i aria-hidden=\"true\" class=\"far fa-snowflake\"><\/i>\t\t\t\t<\/span>\n\t\t\t<\/div>\n\t\t\t\t\t\t<div class=\"elementor-icon-box-content\">\n\t\t\t\t<h4 class=\"elementor-icon-box-title\">\n\t\t\t\t\t<span  >\n\t\t\t\t\t\tKURU BUZ \u0130LE TEM\u0130ZL\u0130K\t\t\t\t\t<\/span>\n\t\t\t\t<\/h4>\n\t\t\t\t\t\t\t<\/div>\n\t\t<\/div>\n\t\t\t\t<\/div>\n\t\t\t\t<\/div>\n\t\t\t\t<div class=\"elementor-element elementor-element-30ef315 elementor-widget elementor-widget-image\" data-id=\"30ef315\" data-element_type=\"widget\" data-widget_type=\"image.default\">\n\t\t\t\t<div class=\"elementor-widget-container\">\n\t\t\t<style>\/*! elementor - v3.12.2 - 23-04-2023 *\/\n.elementor-widget-image{text-align:center}.elementor-widget-image a{display:inline-block}.elementor-widget-image a img[src$=\".svg\"]{width:48px}.elementor-widget-image img{vertical-align:middle;display:inline-block}<\/style>\t\t\t\t\t\t\t\t\t\t\t\t<img loading=\"lazy\" decoding=\"async\" width=\"400\" height=\"369\" src=\"https:\/\/kryoturk.com\/wp-content\/uploads\/2023\/04\/sodatemizlik-1.jpg\" class=\"attachment-large size-large wp-image-555\" alt=\"\" srcset=\"https:\/\/kryoturk.com\/wp-content\/uploads\/2023\/04\/sodatemizlik-1.jpg 400w, https:\/\/kryoturk.com\/wp-content\/uploads\/2023\/04\/sodatemizlik-1-300x277.jpg 300w\" sizes=\"auto, (max-width: 400px) 100vw, 400px\" \/>\t\t\t\t\t\t\t\t\t\t\t\t\t\t\t<\/div>\n\t\t\t\t<\/div>\n\t\t\t\t\t<\/div>\n\t\t<\/div>\n\t\t\t\t\t\t\t<\/div>\n\t\t<\/section>\n\t\t\t\t\t\t\t<\/div>\n\t\t","protected":false},"excerpt":{"rendered":"<p>KURU BUZ, CO2 VE SODA \u0130LE TEM\u0130ZL\u0130K Kuruldu\u011fu ilk g\u00fcnden beri D\u00fcnya ve \u00fclkemizdeki kriyojenik teknoloji \u00fcr\u00fcnlerinde ya\u015fanan geli\u015fmeleri yak\u0131ndan takip eden firmam\u0131z, Kuru Buz imalat ve tedarik faaliyetleri yan\u0131na ek olarak Kuru Buz ile temizlik, Karbondioksit ile temizlik ve Soda ile temizlik konular\u0131n\u0131 da eklemi\u015ftir. Firmam\u0131za ait olan temizlik makineleri ile uygulanan temizlik sistemi &hellip;<\/p>\n<p class=\"read-more\"> <a class=\"\" href=\"https:\/\/kryoturk.com\/?page_id=584\"> <span class=\"screen-reader-text\">Kuru Buz , Co2 ve Soda ile Temizlik<\/span> Devam\u0131 &raquo;<\/a><\/p>\n","protected":false},"author":1,"featured_media":0,"parent":0,"menu_order":0,"comment_status":"closed","ping_status":"closed","template":"","meta":{"site-sidebar-layout":"no-sidebar","site-content-layout":"page-builder","ast-global-header-display":"","ast-main-header-display":"","ast-hfb-above-header-display":"","ast-hfb-below-header-display":"","ast-hfb-mobile-header-display":"","site-post-title":"disabled","ast-breadcrumbs-content":"disabled","ast-featured-img":"disabled","footer-sml-layout":"","theme-transparent-header-meta":"default","adv-header-id-meta":"","stick-header-meta":"","header-above-stick-meta":"","header-main-stick-meta":"","header-below-stick-meta":"","footnotes":""},"class_list":["post-584","page","type-page","status-publish","hentry"],"_links":{"self":[{"href":"https:\/\/kryoturk.com\/index.php?rest_route=\/wp\/v2\/pages\/584","targetHints":{"allow":["GET"]}}],"collection":[{"href":"https:\/\/kryoturk.com\/index.php?rest_route=\/wp\/v2\/pages"}],"about":[{"href":"https:\/\/kryoturk.com\/index.php?rest_route=\/wp\/v2\/types\/page"}],"author":[{"embeddable":true,"href":"https:\/\/kryoturk.com\/index.php?rest_route=\/wp\/v2\/users\/1"}],"replies":[{"embeddable":true,"href":"https:\/\/kryoturk.com\/index.php?rest_route=%2Fwp%2Fv2%2Fcomments&post=584"}],"version-history":[{"count":10,"href":"https:\/\/kryoturk.com\/index.php?rest_route=\/wp\/v2\/pages\/584\/revisions"}],"predecessor-version":[{"id":775,"href":"https:\/\/kryoturk.com\/index.php?rest_route=\/wp\/v2\/pages\/584\/revisions\/775"}],"wp:attachment":[{"href":"https:\/\/kryoturk.com\/index.php?rest_route=%2Fwp%2Fv2%2Fmedia&parent=584"}],"curies":[{"name":"wp","href":"https:\/\/api.w.org\/{rel}","templated":true}]}}